{"id":2,"date":"2016-09-16T12:57:52","date_gmt":"2016-09-16T10:57:52","guid":{"rendered":"http:\/\/maxfinger.de\/maxtouren\/wordpress\/?page_id=2"},"modified":"2019-09-05T13:10:15","modified_gmt":"2019-09-05T11:10:15","slug":"willkommen","status":"publish","type":"page","link":"https:\/\/maxtouren.de\/","title":{"rendered":"Willkommen bei maxtouren.de"},"content":{"rendered":"<div class=\"style_SkipStroke_2 shape-with-text flowDefining\">\n<div class=\"text-content style_External_390_385\">\n<div class=\"style_2\">\n<p class=\"Body\">Sie sind zu Besuch in Berlin?\u00a0Sie sind allein hier, als Paar oder als Gruppe?\u00a0Sie wollen die Stadt mit dem eigenem oder geliehenen Rad \u201eerfahren\u201c?<\/p>\n<p class=\"Body\">Und Sie wollen v\u00f6llig frei sein f\u00fcr die vielen Eindr\u00fccke und sich nicht um die Planung und Orientierung k\u00fcmmern m\u00fcssen?<\/p>\n<p class=\"Body\">Gern zeige ich Ihnen diese aufregende und bunte Stadt per Rad und nehme Ihnen dabei die Tour-Vorbereitung und Details um den Ablauf ab.\u00a0Ich bringe Sie sicher und unterhaltsam durch die gro\u00dfe Geschichte der Stadt mit den vielen kleinen Geschichten, die Berlin so liebenswert machen.<\/p>\n<p class=\"Body\">Ich begleite Sie gerne zum Beispiel<\/p>\n<ul>\n<li class=\"full-width\">\n<p class=\"paragraph_style_2\"><a href=\"https:\/\/maxtouren.de\/?p=51\">auf dem Mauerradweg,<\/a><\/p>\n<\/li>\n<li class=\"full-width\">\n<p class=\"paragraph_style_2\"><a href=\"https:\/\/maxtouren.de\/?p=51\">auf City-Touren vom Ku\u2018damm zum Alex,<\/a><\/p>\n<\/li>\n<li class=\"full-width\">\n<p class=\"paragraph_style_2\"><a href=\"https:\/\/maxtouren.de\/?p=51\">durch die moderne Gro\u00dfstadt und das preussische Erbe,<\/a><\/p>\n<\/li>\n<li class=\"full-width\">\n<p class=\"paragraph_style_2\"><a href=\"https:\/\/maxtouren.de\/?p=60\">in Potsdam und dem brandenburgischen Umland.<\/a><a title=\"Brandenburg-Touren.html\" href=\"http:\/\/www.maxfinger.de\/maxtouren\/Brandenburg-Touren.html\"><br \/>\n<\/a><\/p>\n<\/li>\n<\/ul>\n<p class=\"Body\">Nehmen Sie einfach\u00a0<a href=\"https:\/\/maxtouren.de\/?p=65\">Kontakt per E-Mail oder Telefon<\/a> mit mir auf. Ihre individuellen W\u00fcnsche ber\u00fccksichtige ich gerne und plane auch umfangreichere Arrangements.<\/p>\n<\/div>\n<\/div>\n<\/div>\n<div id=\"id3\" class=\"style_SkipStroke_3 shape-with-text\"><\/div>\n","protected":false},"excerpt":{"rendered":"<p>Sie sind zu Besuch in Berlin?\u00a0Sie sind allein hier, als Paar oder als Gruppe?\u00a0Sie wollen die Stadt mit dem eigenem oder geliehenen Rad \u201eerfahren\u201c? Und Sie wollen v\u00f6llig frei sein f\u00fcr die vielen Eindr\u00fccke und sich nicht um die Planung und Orientierung k\u00fcmmern m\u00fcssen? Gern zeige ich Ihnen diese aufregende und bunte Stadt per Rad &hellip; <\/p>\n<p class=\"link-more\"><a href=\"https:\/\/maxtouren.de\/\" class=\"more-link\"><span class=\"screen-reader-text\">\u201eWillkommen bei maxtouren.de\u201c<\/span> weiterlesen<\/a><\/p>\n","protected":false},"author":1,"featured_media":0,"parent":0,"menu_order":0,"comment_status":"closed","ping_status":"closed","template":"","meta":{"footnotes":""},"class_list":["post-2","page","type-page","status-publish","hentry"],"jetpack_sharing_enabled":true,"jetpack_shortlink":"https:\/\/wp.me\/P7Ugkh-2","jetpack-related-posts":[{"id":18,"url":"https:\/\/maxtouren.de\/?page_id=18","url_meta":{"origin":2,"position":0},"title":"Das sagen meine G\u00e4ste","author":"admin","date":"16. September 2016","format":false,"excerpt":"F\u00fcr mich sind Ihre und eure G\u00e4stebuch-Eintr\u00e4ge die allerbeste Werbung, die man sich denken kann. Ich freue mich \u00fcber jeden Eintrag.","rel":"","context":"\u00c4hnlicher Beitrag","block_context":{"text":"\u00c4hnlicher Beitrag","link":""},"img":{"alt_text":"","src":"","width":0,"height":0},"classes":[]}],"_links":{"self":[{"href":"https:\/\/maxtouren.de\/index.php?rest_route=\/wp\/v2\/pages\/2","targetHints":{"allow":["GET"]}}],"collection":[{"href":"https:\/\/maxtouren.de\/index.php?rest_route=\/wp\/v2\/pages"}],"about":[{"href":"https:\/\/maxtouren.de\/index.php?rest_route=\/wp\/v2\/types\/page"}],"author":[{"embeddable":true,"href":"https:\/\/maxtouren.de\/index.php?rest_route=\/wp\/v2\/users\/1"}],"replies":[{"embeddable":true,"href":"https:\/\/maxtouren.de\/index.php?rest_route=%2Fwp%2Fv2%2Fcomments&post=2"}],"version-history":[{"count":10,"href":"https:\/\/maxtouren.de\/index.php?rest_route=\/wp\/v2\/pages\/2\/revisions"}],"predecessor-version":[{"id":1097,"href":"https:\/\/maxtouren.de\/index.php?rest_route=\/wp\/v2\/pages\/2\/revisions\/1097"}],"wp:attachment":[{"href":"https:\/\/maxtouren.de\/index.php?rest_route=%2Fwp%2Fv2%2Fmedia&parent=2"}],"curies":[{"name":"wp","href":"https:\/\/api.w.org\/{rel}","templated":true}]}}